{"id":21846,"date":"2024-01-04T15:21:23","date_gmt":"2024-01-04T08:21:23","guid":{"rendered":"https:\/\/amuanhanh.net\/?post_type=product&#038;p=21846"},"modified":"2024-01-26T15:13:40","modified_gmt":"2024-01-26T08:13:40","slug":"mo-hinh-pokemon-evolution-pikachu-charmander-bulbasaur-squirtle","status":"publish","type":"product","link":"https:\/\/amuanhanh.net\/mo-hinh-pokemon-evolution-pikachu-charmander-bulbasaur-squirtle\/","title":{"rendered":"M\u00f4 h\u00ecnh Pokemon Evolution Pikachu &#8211; Charmander &#8211; Bulbasaur &#8211; Squirtle"},"content":{"rendered":"<p>-T\u00ean nh\u00e2n v\u1eadt: M\u00f4 h\u00ecnh Pokemon Evolution Pikachu &#8211; Charmander &#8211; Bulbasaur &#8211; Squirtle<br \/>\n-Series: Pokemon<br \/>\n-Chi\u1ec1u cao: 26cm &#8211; C\u00e2n n\u1eb7ng: ~1.3Kg<br \/>\n-B\u1ed9 s\u1ea3n ph\u1ea9m g\u1ed3m: 1 m\u00f4 h\u00ecnh pokemon c\u00f3 \u0111\u00e8n led<br \/>\n-Ch\u1ea5t li\u1ec7u: PVC<br \/>\n-C\u00f4ng d\u1ee5ng: Trang tr\u00ed b\u00e0n l\u00e0m vi\u1ec7c, tr\u01b0ng b\u00e0y, s\u01b0u t\u1eadp<\/p>\n","protected":false},"excerpt":{"rendered":"<p>-T\u00ean nh\u00e2n v\u1eadt: M\u00f4 h\u00ecnh Pokemon Evolution Pikachu &#8211; Charmander &#8211; Bulbasaur &#8211; Squirtle -Series: Pokemon -Chi\u1ec1u cao: 26cm &#8211; C\u00e2n n\u1eb7ng: ~1.3Kg -B\u1ed9 s\u1ea3n ph\u1ea9m g\u1ed3m: 1 m\u00f4 h\u00ecnh pokemon c\u00f3 \u0111\u00e8n led -Ch\u1ea5t li\u1ec7u: PVC -C\u00f4ng d\u1ee5ng: Trang &hellip; <a href=\"https:\/\/amuanhanh.net\/mo-hinh-pokemon-evolution-pikachu-charmander-bulbasaur-squirtle\/\">Readmore<\/a><\/p>\n","protected":false},"featured_media":21856,"template":"","meta":[],"product_cat":[1211],"product_tag":[1175,1174],"class_list":{"0":"post-21846","1":"product","2":"type-product","3":"status-publish","4":"has-post-thumbnail","6":"product_cat-models","7":"product_tag-tcg-en","8":"product_tag-pokemon-card","10":"first","11":"instock","12":"sale","13":"taxable","14":"shipping-taxable","15":"purchasable","16":"product-type-simple"},"_links":{"self":[{"href":"https:\/\/amuanhanh.net\/en\/wp-json\/wp\/v2\/product\/21846","targetHints":{"allow":["GET"]}}],"collection":[{"href":"https:\/\/amuanhanh.net\/en\/wp-json\/wp\/v2\/product"}],"about":[{"href":"https:\/\/amuanhanh.net\/en\/wp-json\/wp\/v2\/types\/product"}],"version-history":[{"count":0,"href":"https:\/\/amuanhanh.net\/en\/wp-json\/wp\/v2\/product\/21846\/revisions"}],"wp:featuredmedia":[{"embeddable":true,"href":"https:\/\/amuanhanh.net\/en\/wp-json\/wp\/v2\/media\/21856"}],"wp:attachment":[{"href":"https:\/\/amuanhanh.net\/en\/wp-json\/wp\/v2\/media?parent=21846"}],"wp:term":[{"taxonomy":"product_cat","embeddable":true,"href":"https:\/\/amuanhanh.net\/en\/wp-json\/wp\/v2\/product_cat?post=21846"},{"taxonomy":"product_tag","embeddable":true,"href":"https:\/\/amuanhanh.net\/en\/wp-json\/wp\/v2\/product_tag?post=21846"}],"curies":[{"name":"wp","href":"https:\/\/api.w.org\/{rel}","templated":true}]}}