{"id":21692,"date":"2023-03-28T13:09:56","date_gmt":"2023-03-28T06:09:56","guid":{"rendered":"https:\/\/amuanhanh.net\/san-pham\/pokemon-tcg-box-sword-shield-ultra-premium-collection-charizard\/"},"modified":"2024-02-27T09:48:20","modified_gmt":"2024-02-27T02:48:20","slug":"pokemon-tcg-box-sword-shield-ultra-premium-collection-charizard","status":"publish","type":"product","link":"https:\/\/amuanhanh.net\/en\/pokemon-tcg-box-sword-shield-ultra-premium-collection-charizard\/","title":{"rendered":"Pok\u00e9mon TCG Box : Sword &amp; Shield Ultra-Premium Collection Charizard"},"content":{"rendered":"<div class=\"ux-layout-section__row\">\n<div class=\"ux-labels-values__labels\">\n<div class=\"ux-labels-values__labels-content\">\n<div class=\"ux-labels-values__labels-content\">\n<div class=\"U6UnG-ov7ZeIx5wVvOzPbA\">\n<div class=\"U6UnG-ov7ZeIx5wVvOzPbA\">\n<div>\n<h4>Pok\u00e9mon TCG Box : Sword &amp; Shield Ultra-Premium Collection Charizard<\/h4>\n<h4>Celebrate the <em>Sword &amp; Shield<\/em> Series\u2014with Charizard!<\/h4>\n<p>Celebrate the <em>Sword &amp; Shield<\/em> Series and the era of Pok\u00e9mon V, Pok\u00e9mon VMAX, and Pok\u00e9mon VSTAR with a hotshot who knows how to put all that power to good use! Charizard turns up the heat as a trio of promo cards with an etched foil treatment, and its Gigantamax form shows off blazing style on a playmat, metal coin, and set of card sleeves.Premium Collection Charizard<\/p>\n<p>Metal dice and condition markers round out this ultimate set of gameplay accessories. And as you open the huge stack of booster packs inside this box, take a journey through the <em>Sword &amp; Shield<\/em> Series with an original booklet full of images and stats!<\/p>\n<p>The Pok\u00e9mon TCG: <em>Sword &amp; Shield<\/em> Ultra-Premium Collection Charizard includes:<\/p>\n<ul>\n<li>3 etched foil promo cards: Charizard V, Charizard VMAX, and Charizard VSTAR<\/li>\n<li>1 playmat featuring Gigantamax Charizard<\/li>\n<li>65 card sleeves featuring Gigantamax Charizard<\/li>\n<li>1 metal coin featuring Gigantamax Charizard<\/li>\n<li>6 metal damage-counter dice<\/li>\n<li>2 metal condition markers<\/li>\n<li>1 acrylic VSTAR marker<\/li>\n<li>16 Pok\u00e9mon TCG booster packs from the <em>Sword &amp; Shield<\/em> Series\n<ul>\n<li>Each booster pack contains 10 cards and either 1 basic Energy or 1 VSTAR marker. Cards vary by pack.<\/li>\n<\/ul>\n<\/li>\n<li>A player\u2019s guide to the entire <em>Sword &amp; Shield<\/em> Series<\/li>\n<li>A code card for Pok\u00e9mon TCG Live<\/li>\n<\/ul>\n<\/div>\n<\/div>\n<div class=\"_7kAaf0jq_vbeonVKCFCJjg\">\n<p><label class=\"ChlK5oS13q2-yZnMcgKKWg\" for=\"product-info-details-list\">More Details: Premium Collection Charizard<\/label><\/p>\n<ul id=\"product-info-details-list\">\n<li class=\"yPS9RydHrKVLfFT_UGxNzg\"><label>Item Dimensions: 12.5 x 3.5 x 8.1 IN<\/label><\/li>\n<li class=\"yPS9RydHrKVLfFT_UGxNzg\"><label>Country Of Origin: Cards printed in the USA. Playmat made in Taiwan and printed in the USA. Coin made in the USA.<\/label><\/li>\n<li class=\"yPS9RydHrKVLfFT_UGxNzg\"><label>Materials: Paper \/ metal \/ neoprene \/ acrylic \/ polypropylene<\/label><\/li>\n<li class=\"yPS9RydHrKVLfFT_UGxNzg\"><label>Recommended Age: 6+ Years<\/label><\/li>\n<li class=\"yPS9RydHrKVLfFT_UGxNzg\"><label>Item Weight: 2.9 LB<\/label><\/li>\n<\/ul>\n<\/div>\n<div>\n<p><label class=\"ChlK5oS13q2-yZnMcgKKWg\">Estimated Delivery Time: 10-15<span class=\"yPS9RydHrKVLfFT_UGxNzg\"> business days with Standard shipping.<\/span><\/label><\/p>\n<p class=\"OgHcB8Hhf_RYuf3_xLWPPg NlgengSAmXfDUldLfbRAkw\">Return Policy: <span class=\"dTnhJ-Vvyq4tUFjhpmNMcQ\">We will gladly accept returns within 30 days of the date of delivery, excluding items that are final sale. Final sale items include, but are not limited to, digital products, Pok\u00e9mon trading cards and products containing Pok\u00e9mon trading cards. Premium Collection Charizard<\/span><\/p>\n<\/div>\n<\/div>\n<\/div>\n<\/div>\n<\/div>\n<\/div>\n","protected":false},"excerpt":{"rendered":"<ul id=\"product-info-details-list\">\n<li class=\"yPS9RydHrKVLfFT_UGxNzg\"><label>Item Dimensions: 12.5 x 3.5 x 8.1 IN<\/label><\/li>\n<li class=\"yPS9RydHrKVLfFT_UGxNzg\"><label>Country Of Origin: Cards printed in the USA. Playmat made in Taiwan and printed in the USA. Coin made in the USA.<\/label><\/li>\n<li class=\"yPS9RydHrKVLfFT_UGxNzg\"><label>Materials: Paper \/ metal \/ neoprene \/ acrylic \/ polypropylene<\/label><\/li>\n<li class=\"yPS9RydHrKVLfFT_UGxNzg\"><label>Recommended Age: 6+ Years<\/label><\/li>\n<li class=\"yPS9RydHrKVLfFT_UGxNzg\"><label>Item Weight: 2.9 LB<\/label><\/li>\n<\/ul>\n","protected":false},"featured_media":21412,"template":"","meta":[],"product_cat":[1141],"product_tag":[1135,1179],"class_list":{"0":"post-21692","1":"product","2":"type-product","3":"status-publish","4":"has-post-thumbnail","6":"product_brand-pokemon-en","7":"product_cat-pokemon-tcg-en","8":"product_tag-pokemon-en","9":"product_tag-pokemon-tcg-box-en","11":"first","12":"outofstock","13":"sale","14":"taxable","15":"shipping-taxable","16":"purchasable","17":"product-type-simple"},"_links":{"self":[{"href":"https:\/\/amuanhanh.net\/en\/wp-json\/wp\/v2\/product\/21692","targetHints":{"allow":["GET"]}}],"collection":[{"href":"https:\/\/amuanhanh.net\/en\/wp-json\/wp\/v2\/product"}],"about":[{"href":"https:\/\/amuanhanh.net\/en\/wp-json\/wp\/v2\/types\/product"}],"version-history":[{"count":0,"href":"https:\/\/amuanhanh.net\/en\/wp-json\/wp\/v2\/product\/21692\/revisions"}],"wp:featuredmedia":[{"embeddable":true,"href":"https:\/\/amuanhanh.net\/en\/wp-json\/wp\/v2\/media\/21412"}],"wp:attachment":[{"href":"https:\/\/amuanhanh.net\/en\/wp-json\/wp\/v2\/media?parent=21692"}],"wp:term":[{"taxonomy":"product_cat","embeddable":true,"href":"https:\/\/amuanhanh.net\/en\/wp-json\/wp\/v2\/product_cat?post=21692"},{"taxonomy":"product_tag","embeddable":true,"href":"https:\/\/amuanhanh.net\/en\/wp-json\/wp\/v2\/product_tag?post=21692"}],"curies":[{"name":"wp","href":"https:\/\/api.w.org\/{rel}","templated":true}]}}