{"id":21666,"date":"2023-03-25T15:16:01","date_gmt":"2023-03-25T08:16:01","guid":{"rendered":"https:\/\/amuanhanh.net\/san-pham\/pokemon-tcg-box-sword-shield-astral-radiance-36-pack\/"},"modified":"2023-03-25T15:16:01","modified_gmt":"2023-03-25T08:16:01","slug":"hop-bai-pokemon-tcg-box-sword-shield-astral-radiance-36-goi","status":"publish","type":"product","link":"https:\/\/amuanhanh.net\/en\/pokemon-tcg-box-sword-shield-astral-radiance-36-pack\/","title":{"rendered":"Pok\u00e9mon TCG Box: Sword &amp; Shield-Astral Radiance (36 pack)"},"content":{"rendered":"<div class=\"ux-layout-section__row\">\n<div class=\"ux-labels-values__labels\">\n<div class=\"ux-labels-values__labels-content\">\n<div class=\"ux-labels-values__labels-content\">\n<div class=\"U6UnG-ov7ZeIx5wVvOzPbA\">\n<h4 class=\"EFcVZ1JTjdwQBJOulL64Yg\">Pok\u00e9mon TCG Box : Sword &amp; Shield-Astral Radiance<\/h4>\n<div class=\"U6UnG-ov7ZeIx5wVvOzPbA\">\n<div class=\"U6UnG-ov7ZeIx5wVvOzPbA\">\n<div class=\"U6UnG-ov7ZeIx5wVvOzPbA\">\n<div class=\"U6UnG-ov7ZeIx5wVvOzPbA\">\n<div class=\"U6UnG-ov7ZeIx5wVvOzPbA\">\n<div>\n<h4>Legends of Time &amp; Space Take Charge! Pok\u00e9mon TCG Box<\/h4>\n<p>Travel back to a land of myths, legends, and wilderness as Origin Forme Dialga VSTAR and Origin Forme Palkia VSTAR shape the fabric of time and space! Decidueye, Typhlosion, and Samurott arrive as Hisuian Pok\u00e9mon VSTAR, joining more Pok\u00e9mon and Trainers from the ancient region of Hisui. Meanwhile, Shiny Pok\u00e9mon reappear as Radiant Pok\u00e9mon, with Radiant Greninja leading the charge in the Pok\u00e9mon TCG: <em>Sword &amp; Shield\u2014Astral Radiance<\/em> expansion! Pok\u00e9mon TCG Box<\/p>\n<ul>\n<li>Includes 36 Pok\u00e9mon TCG: <em>Sword &amp; Shield\u2014Astral Radiance<\/em> booster packs\n<ul>\n<li>Each booster pack contains 10 cards and either 1 basic Energy or 1 VSTAR marker. Pok\u00e9mon TCG Box<\/li>\n<\/ul>\n<\/li>\n<\/ul>\n<\/div>\n<div class=\"Z0wziwC0LcSk7-6LTdmxtg\">Cards vary by pack.<\/div>\n<\/div>\n<div class=\"_7kAaf0jq_vbeonVKCFCJjg\">\n<p><label class=\"ChlK5oS13q2-yZnMcgKKWg\" for=\"product-info-details-list\">More Details:<\/label><\/p>\n<ul id=\"product-info-details-list\">\n<li class=\"yPS9RydHrKVLfFT_UGxNzg\"><label>Item Dimensions: 5.2 x 2.5 x 4.8 IN<\/label><\/li>\n<li class=\"yPS9RydHrKVLfFT_UGxNzg\"><label>Country Of Origin: Printed in the USA<\/label><\/li>\n<li class=\"yPS9RydHrKVLfFT_UGxNzg\"><label>Materials: Paper<\/label><\/li>\n<li class=\"yPS9RydHrKVLfFT_UGxNzg\"><label>Recommended Age: 6+ Years<\/label><\/li>\n<li class=\"yPS9RydHrKVLfFT_UGxNzg\"><label>Item Weight: 1.6 LB<\/label><\/li>\n<li>Pok\u00e9mon TCG Box<\/li>\n<\/ul>\n<\/div>\n<div>\n<p><label class=\"ChlK5oS13q2-yZnMcgKKWg\">Estimated Delivery Time: 10-15 <span class=\"yPS9RydHrKVLfFT_UGxNzg\">business days with Standard shipping.<\/span><\/label><\/p>\n<p class=\"OgHcB8Hhf_RYuf3_xLWPPg NlgengSAmXfDUldLfbRAkw\">Return Policy: <span class=\"dTnhJ-Vvyq4tUFjhpmNMcQ\">We will gladly accept returns within 30 days of the date of delivery, excluding items that are final sale. Final sale items include, but are not limited to, digital products, Pok\u00e9mon trading cards and products containing Pok\u00e9mon TCG Box.<\/span><\/p>\n<\/div>\n<\/div>\n<\/div>\n<\/div>\n<\/div>\n<\/div>\n<\/div>\n<\/div>\n<\/div>\n<\/div>\n","protected":false},"excerpt":{"rendered":"<ul id=\"product-info-details-list\">\n<li class=\"yPS9RydHrKVLfFT_UGxNzg\"><label>Item Dimensions: 5.2 x 2.5 x 4.8 IN<\/label><\/li>\n<li class=\"yPS9RydHrKVLfFT_UGxNzg\"><label>Country Of Origin: Printed in the USA<\/label><\/li>\n<li class=\"yPS9RydHrKVLfFT_UGxNzg\"><label>Materials: Paper<\/label><\/li>\n<li class=\"yPS9RydHrKVLfFT_UGxNzg\"><label>Recommended Age: 6+ Years<\/label><\/li>\n<li class=\"yPS9RydHrKVLfFT_UGxNzg\"><label>Item Weight: 1.6 LB<\/label><\/li>\n<\/ul>\n","protected":false},"featured_media":21364,"template":"","meta":[],"product_cat":[1141],"product_tag":[1135,1179],"class_list":{"0":"post-21666","1":"product","2":"type-product","3":"status-publish","4":"has-post-thumbnail","6":"product_brand-pokemon-en","7":"product_cat-pokemon-tcg-en","8":"product_tag-pokemon-en","9":"product_tag-pokemon-tcg-box-en","11":"first","12":"instock","13":"sale","14":"taxable","15":"shipping-taxable","16":"purchasable","17":"product-type-simple"},"_links":{"self":[{"href":"https:\/\/amuanhanh.net\/en\/wp-json\/wp\/v2\/product\/21666","targetHints":{"allow":["GET"]}}],"collection":[{"href":"https:\/\/amuanhanh.net\/en\/wp-json\/wp\/v2\/product"}],"about":[{"href":"https:\/\/amuanhanh.net\/en\/wp-json\/wp\/v2\/types\/product"}],"version-history":[{"count":0,"href":"https:\/\/amuanhanh.net\/en\/wp-json\/wp\/v2\/product\/21666\/revisions"}],"wp:featuredmedia":[{"embeddable":true,"href":"https:\/\/amuanhanh.net\/en\/wp-json\/wp\/v2\/media\/21364"}],"wp:attachment":[{"href":"https:\/\/amuanhanh.net\/en\/wp-json\/wp\/v2\/media?parent=21666"}],"wp:term":[{"taxonomy":"product_cat","embeddable":true,"href":"https:\/\/amuanhanh.net\/en\/wp-json\/wp\/v2\/product_cat?post=21666"},{"taxonomy":"product_tag","embeddable":true,"href":"https:\/\/amuanhanh.net\/en\/wp-json\/wp\/v2\/product_tag?post=21666"}],"curies":[{"name":"wp","href":"https:\/\/api.w.org\/{rel}","templated":true}]}}