{"id":21662,"date":"2023-04-06T13:45:08","date_gmt":"2023-04-06T06:45:08","guid":{"rendered":"https:\/\/amuanhanh.net\/san-pham\/hop-bai-pokemon-tcg-box-scarlet-violet-36-goi\/"},"modified":"2024-01-03T12:18:37","modified_gmt":"2024-01-03T05:18:37","slug":"hop-bai-pokemon-tcg-box-scarlet-violet-36-goi","status":"publish","type":"product","link":"https:\/\/amuanhanh.net\/en\/hop-bai-pokemon-tcg-box-scarlet-violet-36-goi\/","title":{"rendered":"Pok\u00e9mon TCG Box: Scarlet &amp; Violet (36 pack)"},"content":{"rendered":"<div class=\"ux-layout-section__row\">\n<div class=\"ux-labels-values__labels\">\n<div class=\"ux-labels-values__labels-content\">\n<div class=\"ux-labels-values__labels-content\">\n<div class=\"U6UnG-ov7ZeIx5wVvOzPbA\">\n<h4 class=\"EFcVZ1JTjdwQBJOulL64Yg\">Pok\u00e9mon TCG Box : Scarlet &amp; Violet<\/h4>\n<div class=\"U6UnG-ov7ZeIx5wVvOzPbA\">\n<div class=\"U6UnG-ov7ZeIx5wVvOzPbA\">\n<div class=\"U6UnG-ov7ZeIx5wVvOzPbA\">\n<div class=\"U6UnG-ov7ZeIx5wVvOzPbA\">\n<div class=\"U6UnG-ov7ZeIx5wVvOzPbA\">\n<div class=\"U6UnG-ov7ZeIx5wVvOzPbA\">\n<div>\n<h4 lang=\"vi\">Begin a New Adventure with Pok\u00e9mon ex! Pok\u00e9mon TCG Box<\/h4>\n<p>Set out for a journey in the Paldea region! Meet first partners Sprigatito, Fuecoco, and Quaxly, and explore the power of the Legendary Pok\u00e9mon Koraidon and Miraidon as Pok\u00e9mon ex. Other Pok\u00e9mon ex evolve their way into battle\u2014including Arcanine and Gyarados with a dazzling new look. Even more Pok\u00e9mon appear as illustration rare cards with amazing artwork\u2014discover them all in the Pok\u00e9mon TCG: <em>Scarlet &amp; Violet<\/em> expansion! Pok\u00e9mon TCG Box<\/p>\n<ul>\n<li><span lang=\"vi\">Includes 36 booster packs from the Pok\u00e9mon TCG: <em>Scarlet &amp; Violet<\/em> expansion<\/span>\n<ul>\n<li>Each booster pack contains 10 cards and 1 Basic Energy. Cards vary by pack. Pok\u00e9mon TCG Box<\/li>\n<\/ul>\n<\/li>\n<\/ul>\n<\/div>\n<\/div>\n<div class=\"_7kAaf0jq_vbeonVKCFCJjg\">\n<p><label class=\"ChlK5oS13q2-yZnMcgKKWg\" for=\"product-info-details-list\"><span lang=\"vi\">More Details:<\/span><\/label><\/p>\n<ul id=\"product-info-details-list\">\n<li class=\"yPS9RydHrKVLfFT_UGxNzg\"><label lang=\"vi\">Item Dimensions: 5.2 x 2.5 x 4.8 IN<\/label><\/li>\n<li class=\"yPS9RydHrKVLfFT_UGxNzg\"><label lang=\"vi\">Country Of Origin: Printed in the USA<\/label><\/li>\n<li class=\"yPS9RydHrKVLfFT_UGxNzg\"><label lang=\"vi\">Materials: Paper<\/label><\/li>\n<li class=\"yPS9RydHrKVLfFT_UGxNzg\"><label lang=\"vi\">Recommended Age: 6+ Years<\/label><\/li>\n<li class=\"yPS9RydHrKVLfFT_UGxNzg\"><label lang=\"vi\">Item Weight: 1.6 LB<\/label><\/li>\n<li>Pok\u00e9mon TCG Box<\/li>\n<\/ul>\n<\/div>\n<div>\n<p><label class=\"ChlK5oS13q2-yZnMcgKKWg\"><span lang=\"vi\">Estimated Delivery Time<\/span>: <span class=\"yPS9RydHrKVLfFT_UGxNzg\"><span lang=\"vi\">5-9 business days with Standard shipping.<\/span><\/span><\/label><\/p>\n<p class=\"OgHcB8Hhf_RYuf3_xLWPPg NlgengSAmXfDUldLfbRAkw\"><span lang=\"vi\">Return Policy:<\/span> <span class=\"dTnhJ-Vvyq4tUFjhpmNMcQ\">We will gladly accept returns within 30 days of the date of delivery, excluding items that are final sale. Final sale items include, but are not limited to, digital products, Pok\u00e9mon trading cards and products containing Pok\u00e9mon TCG Box.<\/span><\/p>\n<\/div>\n<\/div>\n<\/div>\n<\/div>\n<\/div>\n<\/div>\n<\/div>\n<\/div>\n<\/div>\n<\/div>\n<\/div>\n","protected":false},"excerpt":{"rendered":"<ul id=\"product-info-details-list\">\n<li class=\"yPS9RydHrKVLfFT_UGxNzg\"><label lang=\"vi\">Item Dimensions: 5.2 x 2.5 x 4.8 IN<\/label><\/li>\n<li class=\"yPS9RydHrKVLfFT_UGxNzg\"><label lang=\"vi\">Country Of Origin: Printed in the USA<\/label><\/li>\n<li class=\"yPS9RydHrKVLfFT_UGxNzg\"><label lang=\"vi\">Materials: Paper<\/label><\/li>\n<li class=\"yPS9RydHrKVLfFT_UGxNzg\"><label lang=\"vi\">Recommended Age: 6+ Years<\/label><\/li>\n<li class=\"yPS9RydHrKVLfFT_UGxNzg\"><label lang=\"vi\">Item Weight: 1.6 LB<\/label><\/li>\n<\/ul>\n","protected":false},"featured_media":17317,"template":"","meta":[],"product_cat":[1141],"product_tag":[1135,1179],"class_list":{"0":"post-21662","1":"product","2":"type-product","3":"status-publish","4":"has-post-thumbnail","6":"product_brand-pokemon-en","7":"product_cat-pokemon-tcg-en","8":"product_tag-pokemon-en","9":"product_tag-pokemon-tcg-box-en","11":"first","12":"instock","13":"sale","14":"taxable","15":"shipping-taxable","16":"purchasable","17":"product-type-simple"},"_links":{"self":[{"href":"https:\/\/amuanhanh.net\/en\/wp-json\/wp\/v2\/product\/21662","targetHints":{"allow":["GET"]}}],"collection":[{"href":"https:\/\/amuanhanh.net\/en\/wp-json\/wp\/v2\/product"}],"about":[{"href":"https:\/\/amuanhanh.net\/en\/wp-json\/wp\/v2\/types\/product"}],"version-history":[{"count":0,"href":"https:\/\/amuanhanh.net\/en\/wp-json\/wp\/v2\/product\/21662\/revisions"}],"wp:featuredmedia":[{"embeddable":true,"href":"https:\/\/amuanhanh.net\/en\/wp-json\/wp\/v2\/media\/17317"}],"wp:attachment":[{"href":"https:\/\/amuanhanh.net\/en\/wp-json\/wp\/v2\/media?parent=21662"}],"wp:term":[{"taxonomy":"product_cat","embeddable":true,"href":"https:\/\/amuanhanh.net\/en\/wp-json\/wp\/v2\/product_cat?post=21662"},{"taxonomy":"product_tag","embeddable":true,"href":"https:\/\/amuanhanh.net\/en\/wp-json\/wp\/v2\/product_tag?post=21662"}],"curies":[{"name":"wp","href":"https:\/\/api.w.org\/{rel}","templated":true}]}}