{"id":21650,"date":"2023-10-23T14:12:20","date_gmt":"2023-10-23T07:12:20","guid":{"rendered":"https:\/\/amuanhanh.net\/san-pham\/hop-bai-pokemon-tcg-scarlet-violet-obsidian-flames-booster-display-36-packs\/"},"modified":"2024-01-03T12:16:24","modified_gmt":"2024-01-03T05:16:24","slug":"hop-bai-pokemon-tcg-scarlet-violet-obsidian-flames-booster-display-36-packs","status":"publish","type":"product","link":"https:\/\/amuanhanh.net\/en\/hop-bai-pokemon-tcg-scarlet-violet-obsidian-flames-booster-display-36-packs\/","title":{"rendered":"Pok\u00e9mon TCG Box: Scarlet &amp; Violet-Obsidian Flames Booster Display (36 Packs)"},"content":{"rendered":"<div class=\"ux-layout-section__row\">\n<div class=\"ux-labels-values__labels\">\n<div class=\"ux-labels-values__labels-content\">\n<div class=\"ux-labels-values__labels-content\">\n<div class=\"U6UnG-ov7ZeIx5wVvOzPbA\">\n<h4 class=\"EFcVZ1JTjdwQBJOulL64Yg\">Pok\u00e9mon TCG: Scarlet &amp; Violet-Obsidian Flames <strong>&#8211; Pok\u00e9mon TCG Box<\/strong><\/h4>\n<div class=\"U6UnG-ov7ZeIx5wVvOzPbA\">\n<div class=\"U6UnG-ov7ZeIx5wVvOzPbA\">\n<div class=\"U6UnG-ov7ZeIx5wVvOzPbA\">\n<div class=\"U6UnG-ov7ZeIx5wVvOzPbA\">\n<div class=\"U6UnG-ov7ZeIx5wVvOzPbA\">\n<div class=\"U6UnG-ov7ZeIx5wVvOzPbA\">\n<div class=\"product-info-description--U6UnG\">\n<div>\n<h4>Raging Flames Forged in Darkness! Pok\u00e9mon TCG Box<\/h4>\n<p>Red-hot embers illuminate the pitch-black night and sparks flare into an inferno as Charizard ex surges forth with newfound powers of darkness! The glittering Terastal phenomenon imbues some Pok\u00e9mon ex like Tyranitar, Eiscue, and Vespiquen with different types than usual, while Dragonite ex and Greedent ex show mastery of their own inner strengths. Not to be outdone, Revavroom ex, Melmetal ex, and more Pok\u00e9mon promise to change the course of battle in the <em>Scarlet &amp; Violet\u2014Obsidian Flames<\/em> expansion! Pok\u00e9mon TCG Box<\/p>\n<ul>\n<li>Includes 36 booster packs from the Pok\u00e9mon TCG: <em>Scarlet &amp; Violet\u2014Obsidian Flames<\/em> expansion\n<ul>\n<li>Each booster pack contains 10 cards and 1 Basic Energy. Cards vary by pack.Pok\u00e9mon TCG Box<\/li>\n<\/ul>\n<\/li>\n<\/ul>\n<\/div>\n<\/div>\n<div class=\"product-info-details--_7kAaf\">\n<p><label class=\"product-info-label--ChlK5\" for=\"product-info-details-list\">More Details:<\/label><\/p>\n<ul id=\"product-info-details-list\">\n<li class=\"product-info-text--yPS9R\"><label>Item Dimensions: 5.2 x 2.5 x 4.8 IN<\/label><\/li>\n<li class=\"product-info-text--yPS9R\"><label>Country Of Origin: Printed in the USA<\/label><\/li>\n<li class=\"product-info-text--yPS9R\"><label>Materials: Paper<\/label><\/li>\n<li class=\"product-info-text--yPS9R\"><label>Recommended Age: 6+ Years<\/label><\/li>\n<li class=\"product-info-text--yPS9R\"><label>Item Weight: 1.6 LB<\/label><\/li>\n<\/ul>\n<\/div>\n<div>\n<p><label class=\"product-info-label--ChlK5\">Estimated Delivery Time: 10<span class=\"product-info-text--yPS9R\">-15 business days with Standard shipping. Pok\u00e9mon TCG Box<\/span><\/label><\/p>\n<p class=\"return-policy--OgHcB product-info-return-label--Nlgen\">Return Policy: <span class=\"return-policy-text--dTnhJ\">We will gladly accept returns within 30 days of the date of delivery, excluding items that are final sale. Final sale items include, but are not limited to, digital products, Pok\u00e9mon trading cards and products containing Pok\u00e9mon trading cards. Pok\u00e9mon TCG Box<\/span><\/p>\n<\/div>\n<\/div>\n<\/div>\n<\/div>\n<\/div>\n<\/div>\n<\/div>\n<\/div>\n<\/div>\n<\/div>\n<\/div>\n<\/div>\n","protected":false},"excerpt":{"rendered":"<p>Pok\u00e9mon TCG: Scarlet &amp; Violet-Obsidian Flames &#8211; Pok\u00e9mon TCG Box Raging Flames Forged in Darkness! Pok\u00e9mon TCG Box Red-hot embers illuminate the pitch-black night and sparks flare into an inferno as Charizard ex surges forth with newfound powers of darkness! &hellip; <a href=\"https:\/\/amuanhanh.net\/en\/hop-bai-pokemon-tcg-scarlet-violet-obsidian-flames-booster-display-36-packs\/\">Readmore<\/a><\/p>\n","protected":false},"featured_media":20573,"template":"","meta":[],"product_cat":[1141],"product_tag":[1135,1179],"class_list":{"0":"post-21650","1":"product","2":"type-product","3":"status-publish","4":"has-post-thumbnail","6":"product_brand-pokemon-en","7":"product_cat-pokemon-tcg-en","8":"product_tag-pokemon-en","9":"product_tag-pokemon-tcg-box-en","11":"first","12":"instock","13":"sale","14":"taxable","15":"shipping-taxable","16":"purchasable","17":"product-type-simple"},"_links":{"self":[{"href":"https:\/\/amuanhanh.net\/en\/wp-json\/wp\/v2\/product\/21650","targetHints":{"allow":["GET"]}}],"collection":[{"href":"https:\/\/amuanhanh.net\/en\/wp-json\/wp\/v2\/product"}],"about":[{"href":"https:\/\/amuanhanh.net\/en\/wp-json\/wp\/v2\/types\/product"}],"version-history":[{"count":0,"href":"https:\/\/amuanhanh.net\/en\/wp-json\/wp\/v2\/product\/21650\/revisions"}],"wp:featuredmedia":[{"embeddable":true,"href":"https:\/\/amuanhanh.net\/en\/wp-json\/wp\/v2\/media\/20573"}],"wp:attachment":[{"href":"https:\/\/amuanhanh.net\/en\/wp-json\/wp\/v2\/media?parent=21650"}],"wp:term":[{"taxonomy":"product_cat","embeddable":true,"href":"https:\/\/amuanhanh.net\/en\/wp-json\/wp\/v2\/product_cat?post=21650"},{"taxonomy":"product_tag","embeddable":true,"href":"https:\/\/amuanhanh.net\/en\/wp-json\/wp\/v2\/product_tag?post=21650"}],"curies":[{"name":"wp","href":"https:\/\/api.w.org\/{rel}","templated":true}]}}