{"id":21646,"date":"2023-10-23T14:30:11","date_gmt":"2023-10-23T07:30:11","guid":{"rendered":"https:\/\/amuanhanh.net\/san-pham\/pokemon-tcg-box-scarlet-violet-paradox-rift-booster-display-36-packs\/"},"modified":"2023-10-23T14:30:11","modified_gmt":"2023-10-23T07:30:11","slug":"hop-bai-pokemon-tcg-scarlet-violet-paradox-rift-booster-display-36-packs","status":"publish","type":"product","link":"https:\/\/amuanhanh.net\/en\/pokemon-tcg-box-scarlet-violet-paradox-rift-booster-display-36-packs\/","title":{"rendered":"Pok\u00e9mon TCG Box: Scarlet &amp; Violet-Paradox Rift Booster Display (36 Packs)"},"content":{"rendered":"<div class=\"ux-layout-section__row\">\n<div class=\"ux-labels-values__labels\">\n<div class=\"ux-labels-values__labels-content\">\n<div class=\"ux-labels-values__labels-content\">\n<div class=\"U6UnG-ov7ZeIx5wVvOzPbA\">\n<h4 class=\"EFcVZ1JTjdwQBJOulL64Yg\">Pok\u00e9mon TCG: Scarlet &amp; Violet-Paradox Rift (36 Packs) <strong>&#8211; Pok\u00e9mon TCG Box<\/strong><\/h4>\n<div class=\"U6UnG-ov7ZeIx5wVvOzPbA\">\n<div class=\"U6UnG-ov7ZeIx5wVvOzPbA\">\n<div class=\"U6UnG-ov7ZeIx5wVvOzPbA\">\n<div class=\"U6UnG-ov7ZeIx5wVvOzPbA\">\n<div class=\"U6UnG-ov7ZeIx5wVvOzPbA\">\n<div class=\"U6UnG-ov7ZeIx5wVvOzPbA\">\n<div class=\"product-info-description--U6UnG\">\n<h4>Uncover the Anomalies of Area Zero! Pok\u00e9mon TCG Box<\/h4>\n<div class=\"product-info-description--U6UnG\">\n<div>\n<p>Dive into the clouds and explore a land that appears to be unbound by time! With ferocious attacks, Ancient Pok\u00e9mon like Roaring Moon ex and Sandy Shocks ex appear alongside artificial Future Pok\u00e9mon like Iron Valiant ex and Iron Hands ex. Meanwhile, Garchomp ex, Mewtwo ex, and others Terastallize to gain new types, as Armarouge ex, Gholdengo ex, and more Pok\u00e9mon ex join the fray. Adventure awaits as timelines collide in the Pok\u00e9mon TCG: <em>Scarlet &amp; Violet\u2014Paradox Rift<\/em> expansion! Pok\u00e9mon TCG<\/p>\n<ul>\n<li>Includes 36 Pok\u00e9mon TCG: <em>Scarlet &amp; Violet\u2014Paradox Rift<\/em> booster packs\n<ul>\n<li>Each booster pack contains 10 cards and 1 Basic Energy. Cards vary by pack.<\/li>\n<\/ul>\n<\/li>\n<\/ul>\n<\/div>\n<\/div>\n<div class=\"product-info-details--_7kAaf\">\n<p><label class=\"product-info-label--ChlK5\" for=\"product-info-details-list\">More Details:<\/label><\/p>\n<ul id=\"product-info-details-list\">\n<li class=\"product-info-text--yPS9R\"><label>Item Dimensions: 5.2 x 2.5 x 4.8 IN<\/label><\/li>\n<li class=\"product-info-text--yPS9R\"><label>Country Of Origin: Printed in the USA<\/label><\/li>\n<li class=\"product-info-text--yPS9R\"><label>Materials: Paper<\/label><\/li>\n<li class=\"product-info-text--yPS9R\"><label>Recommended Age: 6+ Years<\/label><\/li>\n<li class=\"product-info-text--yPS9R\"><label>Item Weight: 1.6 LB . Pok\u00e9mon TCG<\/label><\/li>\n<\/ul>\n<\/div>\n<div>\n<p><label class=\"product-info-label--ChlK5\">Estimated Delivery Time: <span class=\"product-info-text--yPS9R\">5-9 business days with Standard shipping. Pok\u00e9mon TCG<\/span><\/label><\/p>\n<p class=\"return-policy--OgHcB product-info-return-label--Nlgen\">Return Policy: <span class=\"return-policy-text--dTnhJ\">We will gladly accept returns within 30 days of the date of delivery, excluding items that are final sale. Final sale items include, but are not limited to, digital products, Pok\u00e9mon trading cards and products containing Pok\u00e9mon trading cards. Pok\u00e9mon TCG.<\/span><\/p>\n<\/div>\n<\/div>\n<\/div>\n<\/div>\n<\/div>\n<\/div>\n<\/div>\n<\/div>\n<\/div>\n<\/div>\n<\/div>\n<\/div>\n<\/div>\n","protected":false},"excerpt":{"rendered":"<p>Pok\u00e9mon TCG: Scarlet &amp; Violet-Paradox Rift (36 Packs) &#8211; Pok\u00e9mon TCG Box Uncover the Anomalies of Area Zero! Pok\u00e9mon TCG Box Dive into the clouds and explore a land that appears to be unbound by time! With ferocious attacks, Ancient &hellip; <a href=\"https:\/\/amuanhanh.net\/en\/pokemon-tcg-box-scarlet-violet-paradox-rift-booster-display-36-packs\/\">Readmore<\/a><\/p>\n","protected":false},"featured_media":20581,"template":"","meta":[],"product_cat":[1141],"product_tag":[1135,1179],"class_list":{"0":"post-21646","1":"product","2":"type-product","3":"status-publish","4":"has-post-thumbnail","6":"product_cat-pokemon-tcg-en","7":"product_tag-pokemon-en","8":"product_tag-pokemon-tcg-box-en","10":"first","11":"instock","12":"sale","13":"taxable","14":"shipping-taxable","15":"purchasable","16":"product-type-simple"},"_links":{"self":[{"href":"https:\/\/amuanhanh.net\/en\/wp-json\/wp\/v2\/product\/21646","targetHints":{"allow":["GET"]}}],"collection":[{"href":"https:\/\/amuanhanh.net\/en\/wp-json\/wp\/v2\/product"}],"about":[{"href":"https:\/\/amuanhanh.net\/en\/wp-json\/wp\/v2\/types\/product"}],"version-history":[{"count":0,"href":"https:\/\/amuanhanh.net\/en\/wp-json\/wp\/v2\/product\/21646\/revisions"}],"wp:featuredmedia":[{"embeddable":true,"href":"https:\/\/amuanhanh.net\/en\/wp-json\/wp\/v2\/media\/20581"}],"wp:attachment":[{"href":"https:\/\/amuanhanh.net\/en\/wp-json\/wp\/v2\/media?parent=21646"}],"wp:term":[{"taxonomy":"product_cat","embeddable":true,"href":"https:\/\/amuanhanh.net\/en\/wp-json\/wp\/v2\/product_cat?post=21646"},{"taxonomy":"product_tag","embeddable":true,"href":"https:\/\/amuanhanh.net\/en\/wp-json\/wp\/v2\/product_tag?post=21646"}],"curies":[{"name":"wp","href":"https:\/\/api.w.org\/{rel}","templated":true}]}}