{"id":16172,"date":"2020-07-23T13:45:50","date_gmt":"2020-07-23T06:45:50","guid":{"rendered":"https:\/\/amuanhanh.net\/career-opportunities\/"},"modified":"2024-02-27T09:51:13","modified_gmt":"2024-02-27T02:51:13","slug":"career-opportunities","status":"publish","type":"page","link":"https:\/\/amuanhanh.net\/en\/career-opportunities\/","title":{"rendered":"Career opportunities"},"content":{"rendered":"\t\t<div data-elementor-type=\"wp-page\" data-elementor-id=\"16172\" class=\"elementor elementor-16172 elementor-6009\" data-elementor-post-type=\"page\">\n\t\t\t\t\t\t<section class=\"elementor-section elementor-top-section elementor-element elementor-element-db3ee13 about_us elementor-section-boxed elementor-section-height-default elementor-section-height-default\" data-id=\"db3ee13\" data-element_type=\"section\">\n\t\t\t\t\t\t<div class=\"elementor-container elementor-column-gap-default\">\n\t\t\t\t\t<div class=\"elementor-column elementor-col-100 elementor-top-column elementor-element elementor-element-ebd03e3\" data-id=\"ebd03e3\" data-element_type=\"column\">\n\t\t\t<div class=\"elementor-widget-wrap elementor-element-populated\">\n\t\t\t\t\t\t<div class=\"elementor-element elementor-element-e9c0e7b elementor-widget elementor-widget-image\" data-id=\"e9c0e7b\" data-element_type=\"widget\" data-widget_type=\"image.default\">\n\t\t\t\t<div class=\"elementor-widget-container\">\n\t\t\t\t\t\t\t\t\t\t\t\t\t\t\t\t<a href=\"#\">\n\t\t\t\t\t\t\t<img decoding=\"async\" src=\"https:\/\/amuanhanh.net\/wp-content\/uploads\/2020\/07\/amuanhanh-banner-2100X500.jpg\" title=\"\" alt=\"\" loading=\"lazy\" \/>\t\t\t\t\t\t\t\t<\/a>\n\t\t\t\t\t\t\t\t\t\t\t\t\t\t\t<\/div>\n\t\t\t\t<\/div>\n\t\t\t\t\t<\/div>\n\t\t<\/div>\n\t\t\t\t\t<\/div>\n\t\t<\/section>\n\t\t\t\t<section class=\"elementor-section elementor-top-section elementor-element elementor-element-efc72af elementor-section-boxed elementor-section-height-default elementor-section-height-default\" data-id=\"efc72af\" data-element_type=\"section\">\n\t\t\t\t\t\t<div class=\"elementor-container elementor-column-gap-default\">\n\t\t\t\t\t<div class=\"elementor-column elementor-col-100 elementor-top-column elementor-element elementor-element-0e6622b\" data-id=\"0e6622b\" data-element_type=\"column\">\n\t\t\t<div class=\"elementor-widget-wrap elementor-element-populated\">\n\t\t\t\t\t\t<div class=\"elementor-element elementor-element-5cfc2d8 elementor-widget elementor-widget-shortcode\" data-id=\"5cfc2d8\" data-element_type=\"widget\" data-widget_type=\"shortcode.default\">\n\t\t\t\t<div class=\"elementor-widget-container\">\n\t\t\t\t\t\t\t<div class=\"elementor-shortcode\"><div class=\"sjb-page\">\r\n<!-- Start: Jobs Listing Wrapper -->\r\n\r\n\r\n<!-- Start Job Filters\r\n================================================== -->\r\n<div class=\"sjb-filters sjb-filters-v1\">\r\n        <form class=\"filters-form\" action=\"https:\/\/amuanhanh.net\/en\/career-opportunities\/\" method=\"get\">\r\n        <div class=\"row\">\r\n            \r\n    <!-- Keywords Search-->    \r\n    <div class=\"sjb-search-keywords col-md-12 col-xs-12\">\r\n        <div class=\"form-group\">\r\n                        <label class=\"sr-only\" for=\"keywords\">Keywords<\/label>\r\n            <input type=\"text\" class=\"form-control\" value=\"\" placeholder=\"Keywords\" id=\"keywords\" name=\"search_keywords\">\r\n        <\/div>\r\n    <\/div>\r\n    \r\n    <!-- Category Filter-->        \r\n    <div class=\"sjb-search-categories col-md-3 col-xs-12\">\r\n        <div class=\"form-group\">\r\n            <select name='selected_category' id='category' class='form-control'>\n\t<option value='-1'>Category<\/option>\n\t<option class=\"level-0\" value=\"nhan-vien-giao-nhan\">Nh\u00e2n vi\u00ean giao nh\u1eadn<\/option>\n\t<option class=\"level-0\" value=\"nhan-vien-hanh-chinh-nhan-su\">Nh\u00e2n vi\u00ean h\u00e0nh ch\u00ednh nh\u00e2n s\u1ef1<\/option>\n\t<option class=\"level-0\" value=\"nhan-vien-ke-toan\">Nh\u00e2n vi\u00ean k\u1ebf to\u00e1n<\/option>\n\t<option class=\"level-0\" value=\"nhan-vien-kinh-doanh\">Nh\u00e2n vi\u00ean kinh doanh<\/option>\n\t<option class=\"level-0\" value=\"nhan-vien-lap-trinh\">Nh\u00e2n vi\u00ean l\u1eadp tr\u00ecnh<\/option>\n\t<option class=\"level-0\" value=\"nhan-vien-thiet-ke\">Nh\u00e2n vi\u00ean thi\u1ebft k\u1ebf<\/option>\n<\/select>\n        <\/div>\r\n    <\/div>\r\n   \r\n     \r\n\r\n    <!-- Job Type Filter -->\r\n    <div class=\"sjb-search-job-type col-md-3 col-xs-12\">\r\n        <div class=\"form-group\">\r\n            <select name='selected_jobtype' id='jobtype' class='form-control'>\n\t<option value='-1'>Job Type<\/option>\n\t<option class=\"level-0\" value=\"ban-thoi-gian\">B\u00e1n th\u1eddi gian<\/option>\n\t<option class=\"level-0\" value=\"thuc-tap\">Th\u1ef1c t\u1eadp<\/option>\n\t<option class=\"level-0\" value=\"toan-thoi-gian\">To\u00e0n th\u1eddi gian<\/option>\n<\/select>\n        <\/div>\r\n    <\/div>\r\n    \r\n    <!-- Job Location Filter-->\r\n    <div class=\"sjb-search-location col-md-3 col-xs-12\">\r\n        <div class=\"form-group\">\r\n            <select name='selected_location' id='location' class='form-control'>\n\t<option value='-1'>Location<\/option>\n\t<option class=\"level-0\" value=\"thanh-pho-can-tho\">Th\u00e0nh ph\u1ed1 C\u1ea7n Th\u01a1<\/option>\n\t<option class=\"level-0\" value=\"thanh-pho-da-nang\">Th\u00e0nh ph\u1ed1 \u0110\u00e0 N\u1eb5ng<\/option>\n\t<option class=\"level-0\" value=\"thanh-pho-ha-noi\">Th\u00e0nh ph\u1ed1 H\u00e0 N\u1ed9i<\/option>\n\t<option class=\"level-0\" value=\"thanh-pho-hai-phong\">Th\u00e0nh ph\u1ed1 H\u1ea3i Ph\u00f2ng<\/option>\n\t<option class=\"level-0\" value=\"thanh-pho-ho-chi-minh\">Th\u00e0nh ph\u1ed1 H\u1ed3 Ch\u00ed Minh<\/option>\n\t<option class=\"level-0\" value=\"tinh-an-giang\">T\u1ec9nh An Giang<\/option>\n\t<option class=\"level-0\" value=\"tinh-ba-ria-vung-tau\">T\u1ec9nh B\u00e0 R\u1ecba &#8211; V\u0169ng T\u00e0u<\/option>\n\t<option class=\"level-0\" value=\"tinh-bac-giang\">T\u1ec9nh B\u1eafc Giang<\/option>\n\t<option class=\"level-0\" value=\"tinh-bac-kan\">T\u1ec9nh B\u1eafc K\u1ea1n<\/option>\n\t<option class=\"level-0\" value=\"tinh-bac-lieu\">T\u1ec9nh B\u1ea1c Li\u00eau<\/option>\n\t<option class=\"level-0\" value=\"tinh-bac-ninh\">T\u1ec9nh B\u1eafc Ninh<\/option>\n\t<option class=\"level-0\" value=\"tinh-ben-tre\">T\u1ec9nh B\u1ebfn Tre<\/option>\n\t<option class=\"level-0\" value=\"tinh-binh-dinh\">T\u1ec9nh B\u00ecnh \u0110\u1ecbnh<\/option>\n\t<option class=\"level-0\" value=\"tinh-binh-duong\">T\u1ec9nh B\u00ecnh D\u01b0\u01a1ng<\/option>\n\t<option class=\"level-0\" value=\"tinh-binh-phuoc\">T\u1ec9nh B\u00ecnh Ph\u01b0\u1edbc<\/option>\n\t<option class=\"level-0\" value=\"tinh-binh-thuan\">T\u1ec9nh B\u00ecnh Thu\u1eadn<\/option>\n\t<option class=\"level-0\" value=\"tinh-ca-mau\">T\u1ec9nh C\u00e0 Mau<\/option>\n\t<option class=\"level-0\" value=\"tinh-cao-bang\">T\u1ec9nh Cao B\u1eb1ng<\/option>\n\t<option class=\"level-0\" value=\"tinh-dak-lak\">T\u1ec9nh \u0110\u1eafk L\u1eafk<\/option>\n\t<option class=\"level-0\" value=\"tinh-dak-nong\">T\u1ec9nh \u0110\u1eafk N\u00f4ng<\/option>\n\t<option class=\"level-0\" value=\"tinh-dien-bien\">T\u1ec9nh \u0110i\u1ec7n Bi\u00ean<\/option>\n\t<option class=\"level-0\" value=\"tinh-dong-nai\">T\u1ec9nh \u0110\u1ed3ng Nai<\/option>\n\t<option class=\"level-0\" value=\"tinh-dong-thap\">T\u1ec9nh \u0110\u1ed3ng Th\u00e1p<\/option>\n\t<option class=\"level-0\" value=\"tinh-gia-lai\">T\u1ec9nh Gia Lai<\/option>\n\t<option class=\"level-0\" value=\"tinh-ha-giang\">T\u1ec9nh H\u00e0 Giang<\/option>\n\t<option class=\"level-0\" value=\"tinh-ha-nam\">T\u1ec9nh H\u00e0 Nam<\/option>\n\t<option class=\"level-0\" value=\"tinh-ha-tinh\">T\u1ec9nh H\u00e0 T\u0129nh<\/option>\n\t<option class=\"level-0\" value=\"tinh-hai-duong\">T\u1ec9nh H\u1ea3i D\u01b0\u01a1ng<\/option>\n\t<option class=\"level-0\" value=\"tinh-hau-giang\">T\u1ec9nh H\u1eadu Giang<\/option>\n\t<option class=\"level-0\" value=\"tinh-hoa-binh\">T\u1ec9nh H\u00f2a B\u00ecnh<\/option>\n\t<option class=\"level-0\" value=\"tinh-hung-yen\">T\u1ec9nh H\u01b0ng Y\u00ean<\/option>\n\t<option class=\"level-0\" value=\"tinh-khanh-hoa\">T\u1ec9nh Kh\u00e1nh H\u00f2a<\/option>\n\t<option class=\"level-0\" value=\"tinh-kien-giang\">T\u1ec9nh Ki\u00ean Giang<\/option>\n\t<option class=\"level-0\" value=\"tinh-kon-tum\">T\u1ec9nh Kon Tum<\/option>\n\t<option class=\"level-0\" value=\"tinh-lai-chau\">T\u1ec9nh Lai Ch\u00e2u<\/option>\n\t<option class=\"level-0\" value=\"tinh-lam-dong\">T\u1ec9nh L\u00e2m \u0110\u1ed3ng<\/option>\n\t<option class=\"level-0\" value=\"tinh-lang-son\">T\u1ec9nh L\u1ea1ng S\u01a1n<\/option>\n\t<option class=\"level-0\" value=\"tinh-lao-cai\">T\u1ec9nh L\u00e0o Cai<\/option>\n\t<option class=\"level-0\" value=\"tinh-long-an\">T\u1ec9nh Long An<\/option>\n\t<option class=\"level-0\" value=\"tinh-nam-dinh\">T\u1ec9nh Nam \u0110\u1ecbnh<\/option>\n\t<option class=\"level-0\" value=\"tinh-nghe-an\">T\u1ec9nh Ngh\u1ec7 An<\/option>\n\t<option class=\"level-0\" value=\"tinh-ninh-binh\">T\u1ec9nh Ninh B\u00ecnh<\/option>\n\t<option class=\"level-0\" value=\"tinh-ninh-thuan\">T\u1ec9nh Ninh Thu\u1eadn<\/option>\n\t<option class=\"level-0\" value=\"tinh-phu-tho\">T\u1ec9nh Ph\u00fa Th\u1ecd<\/option>\n\t<option class=\"level-0\" value=\"tinh-phu-yen\">T\u1ec9nh Ph\u00fa Y\u00ean<\/option>\n\t<option class=\"level-0\" value=\"tinh-quang-binh\">T\u1ec9nh Qu\u1ea3ng B\u00ecnh<\/option>\n\t<option class=\"level-0\" value=\"tinh-quang-nam\">T\u1ec9nh Qu\u1ea3ng Nam<\/option>\n\t<option class=\"level-0\" value=\"tinh-quang-ngai\">T\u1ec9nh Qu\u1ea3ng Ng\u00e3i<\/option>\n\t<option class=\"level-0\" value=\"tinh-quang-ninh\">T\u1ec9nh Qu\u1ea3ng Ninh<\/option>\n\t<option class=\"level-0\" value=\"tinh-quang-tri\">T\u1ec9nh Qu\u1ea3ng Tr\u1ecb<\/option>\n\t<option class=\"level-0\" value=\"tinh-soc-trang\">T\u1ec9nh S\u00f3c Tr\u0103ng<\/option>\n\t<option class=\"level-0\" value=\"tinh-son-la\">T\u1ec9nh S\u01a1n La<\/option>\n\t<option class=\"level-0\" value=\"tinh-tay-ninh\">T\u1ec9nh T\u00e2y Ninh<\/option>\n\t<option class=\"level-0\" value=\"tinh-thai-binh\">T\u1ec9nh Th\u00e1i B\u00ecnh<\/option>\n\t<option class=\"level-0\" value=\"tinh-thai-nguyen\">T\u1ec9nh Th\u00e1i Nguy\u00ean<\/option>\n\t<option class=\"level-0\" value=\"tinh-thanh-hoa\">T\u1ec9nh Thanh H\u00f3a<\/option>\n\t<option class=\"level-0\" value=\"tinh-thua-thien-hue\">T\u1ec9nh Th\u1eeba Thi\u00ean &#8211; Hu\u1ebf<\/option>\n\t<option class=\"level-0\" value=\"tinh-tien-giang\">T\u1ec9nh Ti\u1ec1n Giang<\/option>\n\t<option class=\"level-0\" value=\"tinh-tra-vinh\">T\u1ec9nh Tr\u00e0 Vinh<\/option>\n\t<option class=\"level-0\" value=\"tinh-tuyen-quang\">T\u1ec9nh Tuy\u00ean Quang<\/option>\n\t<option class=\"level-0\" value=\"tinh-vinh-long\">T\u1ec9nh V\u0129nh Long<\/option>\n\t<option class=\"level-0\" value=\"tinh-vinh-phuc\">T\u1ec9nh V\u0129nh Ph\u00fac<\/option>\n<\/select>\n        <\/div>\r\n    <\/div>\r\n    <div class=\"sjb-search-button col-md-3 col-xs-12\"><input class=\"btn-search btn btn-primary\" value=\"&#xf002;\" type=\"submit\"><\/div>        <\/div>\r\n    <\/form>\r\n<\/div>\r\n<!-- ==================================================\r\nEnd Job Filters -->\r\n\r\n\r\n<div class=\"sjb-listing\">\r\n        <!-- start Jobs Listing: List View -->\r\n    <div class=\"list-view\">\r\n        \r\n    \n<!-- Start Jobs List View \n================================================== -->\n<div class=\"list-data\">\n    <div class=\"v1 sjb-job-6157\">   \n        \n        <!-- Jobs List view header -->\n        <header>\n            <div class=\"row\">\n                \r\n<!-- Start Company Logo\r\n================================================== -->\r\n<div class=\"col-md-1 col-sm-2 hidden-xs\">\r\n    <div class=\"company-logo\">\r\n        <a href=\"https:\/\/amuanhanh.net\/en\/cong-viec\/ho-chi-minh-nhan-vien-kinh-doanh\/\"><img decoding=\"async\" src=\"https:\/\/amuanhanh.net\/wp-content\/uploads\/2020\/07\/favicon_512x512.png\" alt=\"Ph\u00f2ng Kinh Doanh | Amuanhanh\" class=\"sjb-img-responsive \" id=\"\"\/><\/a>\r\n    <\/div>\r\n<\/div>\r\n\r\n<!-- ==================================================\r\nEnd Company Logo -->\r\n\r\n    \n                <div class=\"col-md-11 col-sm-10\">\n                    <div class=\"row\">\n\n                    <div class=\"col-md-5\">\r\n    <div class=\"job-info\">\r\n        <h4>\r\n            <a href=\"https:\/\/amuanhanh.net\/en\/cong-viec\/ho-chi-minh-nhan-vien-kinh-doanh\/\">\r\n                <span class=\"job-title\">H\u1ed3 Ch\u00ed Minh-Nh\u00e2n vi\u00ean kinh doanh<\/span> | <span class=\"company-name\">Ph\u00f2ng Kinh Doanh | Amuanhanh<\/span>            <\/a>\r\n\r\n        <\/h4>\r\n            <\/div>\r\n<\/div>\r\n\r\n<!-- Start Job Type\r\n================================================== -->\r\n<div class=\"col-md-2 col-sm-4 col-xs-12\">    \r\n            <div class=\"job-type\"><i class=\"fa  fa-briefcase\"><\/i>To\u00e0n th\u1eddi gian<\/div>\r\n     \r\n<\/div>\r\n<!-- ==================================================\r\nEnd Job Type -->\r\n\r\n\r\n<!-- Start Job's Location\r\n================================================== -->\r\n<div class=\"col-md-2 col-sm-4 col-xs-12\">\r\n            <div class=\"job-location\"><i class=\"fa  fa-map-marker\"><\/i>Th\u00e0nh ph\u1ed1 H\u1ed3 Ch\u00ed Minh<\/div>\r\n    <\/div>\r\n<!-- ==================================================\r\nEnd Job's Location -->\r\n\r\n\r\n<!-- Start Job Posted Date\r\n================================================== -->\r\n<div class=\"col-md-3 col-sm-4 col-xs-12\">\r\n            <div class=\"job-date\"><i class=\"fa  fa-calendar-check\"><\/i>Posted 6 years ago<\/div>\r\n    <\/div>\r\n<!-- ==================================================\r\nEnd Job Posted Date -->\r\n\r\n                        \n                    <\/div> \n                <\/div>\n            <\/div>\n        <\/header>\n\n        \r\n    <!-- View more content start\r\n    ================================= -->\r\n    \r\n<!-- View long content start \r\n================================================== -->\r\n<div class=\"sjb_more_content\" id=\"sjb_more_content_6157\">\r\n        \r\n<!-- Start Job Features\r\n================================================== -->\r\n<div class=\"job-features\">\r\n            <h3>Job Features<\/h3>\r\n        \r\n    <table class=\"table\">\r\n        <tbody>\r\n            <tr><td style=\"padding: 8px;\">Job Category<\/td><td style=\"padding: 8px;\">Nh\u00e2n vi\u00ean kinh doanh<\/td><\/tr>\r\n                <tr><td style=\"padding: 8px;\">Ng\u00e0nh Ngh\u1ec1 <\/td><td style=\"padding: 8px;\">a:2:{s:5:&quot;label&quot;;s:14:&quot;Ng\u00e0nh ngh\u1ec1:&quot;;s:5:&quot;value&quot;;s:21:&quot;Kinh doanh\/ Marketing&quot;;} <\/td><\/tr><tr><td style=\"padding: 8px;\">M\u1ee9c L\u01b0\u01a1ng <\/td><td style=\"padding: 8px;\">a:2:{s:5:&quot;label&quot;;s:14:&quot;M\u1ee9c l\u01b0\u01a1ng:&quot;;s:5:&quot;value&quot;;s:26:&quot;5.000.000\u0111 - 15.000.000\u0111&quot;;} <\/td><\/tr>        <\/tbody>\r\n    <\/table>\r\n<\/div>\r\n<!-- ==================================================\r\nEnd Job Features -->\r\n\r\n<div class=\"clearfix\"><\/div>\r\n<\/div>\r\n<!-- ==================================================\r\nView long content end  -->\r\n\r\n    <!-- View more content end\r\n    ================================= -->\r\n\r\n    <!-- Start Job Short Description \r\n    ================================================== -->\r\n    <div class=\"job-description\">\r\n        <div id=\"sjb_less_content_6157\"><p><\/p><\/div><div class=\"sjb-apply-now-btn\"><p><p><a href=\"javascript:void(0)\" id=\"quick-apply-btn\" class=\"btn btn-primary \" job_id=\"6157\">Quick Apply <\/a><a href=\"https:\/\/amuanhanh.net\/en\/cong-viec\/ho-chi-minh-nhan-vien-kinh-doanh\/\" class=\"btn btn-primary \">Read More<\/a><\/p><div class=\"sjb-view-less-btn\" id=\"sjb_view_less_btn_6157\"><a data-id=\"6157\" class=\"sjb_view_less_btn sjb_view_more_btn\">View less<\/a><\/div><\/p><\/div>    <\/div>\r\n    <!-- ==================================================\r\n    End Job Short Description  -->\r\n\r\n        <\/div>\n<\/div>\n<!-- ==================================================\nEnd Jobs List View -->\n\n<div class=\"clearfix\"><\/div>\n\n\r\n    <\/div> <!-- end Jobs Listing: List View -->\r\n<\/div>\r\n<!-- End: Jobs Listing -->\r\n\r\n<div class=\"clearfix\"><\/div>\r\n<\/div>\r\n<!-- End: Jobs Listing Wrapper -->\r\n\r\n<\/div>\n\t\t\t\t\t\t<\/div>\n\t\t\t\t<\/div>\n\t\t\t\t\t<\/div>\n\t\t<\/div>\n\t\t\t\t\t<\/div>\n\t\t<\/section>\n\t\t\t\t<\/div>\n\t\t","protected":false},"excerpt":{"rendered":"","protected":false},"author":1,"featured_media":0,"parent":0,"menu_order":0,"comment_status":"closed","ping_status":"closed","template":"","meta":{"footnotes":""},"class_list":["post-16172","page","type-page","status-publish","hentry"],"_links":{"self":[{"href":"https:\/\/amuanhanh.net\/en\/wp-json\/wp\/v2\/pages\/16172","targetHints":{"allow":["GET"]}}],"collection":[{"href":"https:\/\/amuanhanh.net\/en\/wp-json\/wp\/v2\/pages"}],"about":[{"href":"https:\/\/amuanhanh.net\/en\/wp-json\/wp\/v2\/types\/page"}],"author":[{"embeddable":true,"href":"https:\/\/amuanhanh.net\/en\/wp-json\/wp\/v2\/users\/1"}],"replies":[{"embeddable":true,"href":"https:\/\/amuanhanh.net\/en\/wp-json\/wp\/v2\/comments?post=16172"}],"version-history":[{"count":0,"href":"https:\/\/amuanhanh.net\/en\/wp-json\/wp\/v2\/pages\/16172\/revisions"}],"wp:attachment":[{"href":"https:\/\/amuanhanh.net\/en\/wp-json\/wp\/v2\/media?parent=16172"}],"curies":[{"name":"wp","href":"https:\/\/api.w.org\/{rel}","templated":true}]}}